{"id":113,"date":"2026-02-26T19:29:24","date_gmt":"2026-02-26T19:29:24","guid":{"rendered":"https:\/\/urbcotoreal.es\/home\/"},"modified":"2026-03-04T11:21:13","modified_gmt":"2026-03-04T11:21:13","slug":"home","status":"publish","type":"page","link":"https:\/\/urbcotoreal.es\/","title":{"rendered":"Home"},"content":{"rendered":"<div class=\"wp-block-group alignfull is-style-ext-preset--group--natural-1--section has-background-background-color has-background has-global-padding is-layout-constrained wp-block-group-is-layout-constrained\" style=\"margin-top:0;margin-bottom:0;padding-top:var(--wp--preset--spacing--50);padding-bottom:var(--wp--preset--spacing--70)\">\n<div class=\"wp-block-columns alignwide are-vertically-aligned-center is-layout-flex wp-container-core-columns-is-layout-174606dc wp-block-columns-is-layout-flex\">\n<div class=\"wp-block-column is-vertically-aligned-center is-layout-flow wp-block-column-is-layout-flow\" style=\"flex-basis:768px\">\n<h1 class=\"wp-block-heading ext-animate--on\">Bienvenido al proyecto de renovaci\u00f3n de Coto Real II<\/h1>\n\n\n\n<p class=\"ext-animate--on\" style=\"margin-top:1.5rem\">Esta p\u00e1gina fue creada por un propietario en conversaci\u00f3n con nuestro Presidente para informar sobre las observaciones realizadas durante las visitas a la urbanizaci\u00f3n. El objetivo es mostrar claramente los desaf\u00edos a los que nos enfrentamos para que todos puedan comprender f\u00e1cilmente la situaci\u00f3n y estar bien preparados para la pr\u00f3xima reuni\u00f3n de propietarios.<\/p>\n\n\n\n<p>Tenga en cuenta que no soy arquitecto. Este no es un an\u00e1lisis t\u00e9cnico exacto, sino un informe basado en mi leal saber y entender, redactado de forma que sea f\u00e1cil de comprender para todos, incluidos los no expertos.<\/p>\n\n\n\n<p class=\"translation-block\">Haga clic en el bot\u00f3n <strong><a href=\"https:\/\/coto-real-ii-4w231zmfze.live-website.com\/gallery\/\" data-type=\"page\" data-id=\"111\" target=\"_self\">Comienza tu viaje<\/a><\/strong> para comenzar. Puede que necesite unos 15 minutos para leerlo todo, pero merece la pena.<\/p>\n\n\n\n<p class=\"ext-animate--on translation-block\" style=\"margin-top:1.5rem\">El acceso est\u00e1 <strong>protegido con contrase\u00f1a<\/strong>. La contrase\u00f1a se puede obtener en el grupo de WhatsApp o poni\u00e9ndose en contacto con el equipo de Coto Real o con la administraci\u00f3n.<\/p>\n\n\n\n<div class=\"wp-block-buttons ext-animate--on is-layout-flex wp-block-buttons-is-layout-flex\">\n<div class=\"wp-block-button is-style-ext-preset--button--natural-1--button-1 is-style-ext-preset--button--natural-1--button-1--2\"><a class=\"wp-block-button__link wp-element-button\" href=\"https:\/\/urbcotoreal.es\/es\/gallery\/\">Comienza tu viaje<\/a><\/div>\n<\/div>\n<\/div>\n\n\n\n<div class=\"wp-block-column is-vertically-aligned-center is-layout-flow wp-block-column-is-layout-flow\">\n<div class=\"wp-block-columns is-layout-flex wp-container-core-columns-is-layout-13e2ef3f wp-block-columns-is-layout-flex\">\n<div class=\"wp-block-column ext-animate--on is-layout-flow wp-container-core-column-is-layout-fa5f7abe wp-block-column-is-layout-flow\" style=\"padding-top:var(--wp--preset--spacing--60)\">\n<figure class=\"wp-block-image size-large is-style-ext-preset--image--natural-1--image-1--content-bottom is-style-ext-preset--image--natural-1--image-1--content-bottom--3\"><img loading=\"lazy\" decoding=\"async\" width=\"1024\" height=\"801\" src=\"https:\/\/urbcotoreal.es\/wp-content\/uploads\/2026\/03\/IMG_9069-1024x801.jpeg\" alt=\"\" class=\"wp-image-1634\" style=\"aspect-ratio:3\/4;object-fit:cover\" srcset=\"https:\/\/urbcotoreal.es\/wp-content\/uploads\/2026\/03\/IMG_9069-1024x801.jpeg 1024w, https:\/\/urbcotoreal.es\/wp-content\/uploads\/2026\/03\/IMG_9069-300x235.jpeg 300w, https:\/\/urbcotoreal.es\/wp-content\/uploads\/2026\/03\/IMG_9069-768x601.jpeg 768w, https:\/\/urbcotoreal.es\/wp-content\/uploads\/2026\/03\/IMG_9069-1536x1202.jpeg 1536w, https:\/\/urbcotoreal.es\/wp-content\/uploads\/2026\/03\/IMG_9069-15x12.jpeg 15w, https:\/\/urbcotoreal.es\/wp-content\/uploads\/2026\/03\/IMG_9069.jpeg 2004w\" sizes=\"auto, (max-width: 1024px) 100vw, 1024px\" \/><\/figure>\n\n\n\n<figure class=\"wp-block-image size-full is-style-ext-preset--image--natural-1--image-1--content-top is-style-ext-preset--image--natural-1--image-1--content-top--4\"><img loading=\"lazy\" decoding=\"async\" width=\"1024\" height=\"768\" src=\"https:\/\/urbcotoreal.es\/wp-content\/uploads\/2026\/03\/589106865.jpg\" alt=\"\" class=\"wp-image-1641\" style=\"aspect-ratio:3\/4;object-fit:cover\"\/><\/figure>\n<\/div>\n\n\n\n<div class=\"wp-block-column ext-animate--on is-layout-flow wp-container-core-column-is-layout-8eebadab wp-block-column-is-layout-flow\">\n<figure class=\"wp-block-image size-large is-style-ext-preset--image--natural-1--image-1--content-bottom is-style-ext-preset--image--natural-1--image-1--content-bottom--5\"><img loading=\"lazy\" decoding=\"async\" width=\"768\" height=\"1024\" src=\"https:\/\/urbcotoreal.es\/wp-content\/uploads\/2026\/03\/IMG_9821-768x1024.jpeg\" alt=\"\" class=\"wp-image-1632\" style=\"aspect-ratio:3\/4;object-fit:cover\" srcset=\"https:\/\/urbcotoreal.es\/wp-content\/uploads\/2026\/03\/IMG_9821-768x1024.jpeg 768w, https:\/\/urbcotoreal.es\/wp-content\/uploads\/2026\/03\/IMG_9821-225x300.jpeg 225w, https:\/\/urbcotoreal.es\/wp-content\/uploads\/2026\/03\/IMG_9821-1152x1536.jpeg 1152w, https:\/\/urbcotoreal.es\/wp-content\/uploads\/2026\/03\/IMG_9821-9x12.jpeg 9w, https:\/\/urbcotoreal.es\/wp-content\/uploads\/2026\/03\/IMG_9821.jpeg 1536w\" sizes=\"auto, (max-width: 768px) 100vw, 768px\" \/><\/figure>\n\n\n\n<figure class=\"wp-block-image size-large is-style-ext-preset--image--natural-1--image-1--content-top is-style-ext-preset--image--natural-1--image-1--content-top--6\"><img loading=\"lazy\" decoding=\"async\" width=\"768\" height=\"1024\" src=\"https:\/\/urbcotoreal.es\/wp-content\/uploads\/2026\/03\/IMG_9043-768x1024.jpeg\" alt=\"\" class=\"wp-image-1633\" style=\"aspect-ratio:3\/4;object-fit:cover\" srcset=\"https:\/\/urbcotoreal.es\/wp-content\/uploads\/2026\/03\/IMG_9043-768x1024.jpeg 768w, https:\/\/urbcotoreal.es\/wp-content\/uploads\/2026\/03\/IMG_9043-225x300.jpeg 225w, https:\/\/urbcotoreal.es\/wp-content\/uploads\/2026\/03\/IMG_9043-1152x1536.jpeg 1152w, https:\/\/urbcotoreal.es\/wp-content\/uploads\/2026\/03\/IMG_9043-9x12.jpeg 9w, https:\/\/urbcotoreal.es\/wp-content\/uploads\/2026\/03\/IMG_9043.jpeg 1536w\" sizes=\"auto, (max-width: 768px) 100vw, 768px\" \/><\/figure>\n<\/div>\n<\/div>\n<\/div>\n<\/div>\n<\/div>","protected":false},"excerpt":{"rendered":"<p>Welcome to the Coto Real II Renovation Project. This page was created by an owner in discussion with our President to report observations made while visiting the urbanization. The goal is to clearly show the challenges we are facing so that everyone can easily understand the situation and be well prepared for the next owners\u2019 [&hellip;]<\/p>\n","protected":false},"author":1,"featured_media":0,"parent":0,"menu_order":0,"comment_status":"closed","ping_status":"closed","template":"no-title","meta":{"footnotes":""},"class_list":["post-113","page","type-page","status-publish","hentry"],"_links":{"self":[{"href":"https:\/\/urbcotoreal.es\/es\/wp-json\/wp\/v2\/pages\/113","targetHints":{"allow":["GET"]}}],"collection":[{"href":"https:\/\/urbcotoreal.es\/es\/wp-json\/wp\/v2\/pages"}],"about":[{"href":"https:\/\/urbcotoreal.es\/es\/wp-json\/wp\/v2\/types\/page"}],"author":[{"embeddable":true,"href":"https:\/\/urbcotoreal.es\/es\/wp-json\/wp\/v2\/users\/1"}],"replies":[{"embeddable":true,"href":"https:\/\/urbcotoreal.es\/es\/wp-json\/wp\/v2\/comments?post=113"}],"version-history":[{"count":36,"href":"https:\/\/urbcotoreal.es\/es\/wp-json\/wp\/v2\/pages\/113\/revisions"}],"predecessor-version":[{"id":2456,"href":"https:\/\/urbcotoreal.es\/es\/wp-json\/wp\/v2\/pages\/113\/revisions\/2456"}],"wp:attachment":[{"href":"https:\/\/urbcotoreal.es\/es\/wp-json\/wp\/v2\/media?parent=113"}],"curies":[{"name":"wp","href":"https:\/\/api.w.org\/{rel}","templated":true}]}}